{"id":2121,"date":"2023-11-08T22:49:46","date_gmt":"2023-11-08T21:49:46","guid":{"rendered":"https:\/\/bokehproducciones.es\/marketing\/?page_id=2121"},"modified":"2023-12-21T16:08:30","modified_gmt":"2023-12-21T15:08:30","slug":"potenciar-mi-negocio","status":"publish","type":"page","link":"https:\/\/bokehproducciones.es\/marketing\/potenciar-mi-negocio\/","title":{"rendered":"Potenciar mi negocio"},"content":{"rendered":"\t\t<div data-elementor-type=\"wp-page\" data-elementor-id=\"2121\" class=\"elementor elementor-2121\">\n\t\t\t\t<div class=\"elementor-element elementor-element-4c99a77c e-flex e-con-boxed e-con e-parent\" data-id=\"4c99a77c\" data-element_type=\"container\" data-e-type=\"container\">\n\t\t\t\t\t<div class=\"e-con-inner\">\n\t\t<div class=\"elementor-element elementor-element-57469ab6 e-con-full e-flex e-con e-child\" data-id=\"57469ab6\" data-element_type=\"container\" data-e-type=\"container\">\n\t\t\t\t<div class=\"elementor-element elementor-element-3198bc34 elementor-widget-mobile__width-initial elementor-widget elementor-widget-heading\" data-id=\"3198bc34\" data-element_type=\"widget\" data-e-type=\"widget\" data-widget_type=\"heading.default\">\n\t\t\t\t\t<h2 class=\"elementor-heading-title elementor-size-default\">Potenciar mi negocio<\/h2>\t\t\t\t<\/div>\n\t\t\t\t<div class=\"elementor-element elementor-element-4c78e11f elementor-widget elementor-widget-text-editor\" data-id=\"4c78e11f\" data-element_type=\"widget\" data-e-type=\"widget\" data-widget_type=\"text-editor.default\">\n\t\t\t\t\t\t\t\t\t<p>Marca la diferencia frente a tu competencia<\/p>\t\t\t\t\t\t\t\t<\/div>\n\t\t\t\t<div class=\"elementor-element elementor-element-47de4f53 elementor-widget-mobile__width-inherit elementor-widget elementor-widget-wpforms\" data-id=\"47de4f53\" data-element_type=\"widget\" data-e-type=\"widget\" data-widget_type=\"wpforms.default\">\n\t\t\t\t<div class=\"elementor-widget-container\">\n\t\t\t\t\t<div class=\"wpforms-container wpforms-render-modern\" id=\"wpforms-2114\"><form id=\"wpforms-form-2114\" class=\"wpforms-validate wpforms-form wpforms-ajax-form\" data-formid=\"2114\" method=\"post\" enctype=\"multipart\/form-data\" action=\"\/marketing\/wp-json\/wp\/v2\/pages\/2121\" data-token=\"c2716ebc428ae202cdcdf24118ebcdc8\" data-token-time=\"1777583608\"><noscript class=\"wpforms-error-noscript\">Por favor, activa JavaScript en tu navegador para completar este formulario.<\/noscript><div id=\"wpforms-error-noscript\" style=\"display: none;\">Por favor, activa JavaScript en tu navegador para completar este formulario.<\/div><div class=\"wpforms-field-container\"><div id=\"wpforms-2114-field_1-container\" class=\"wpforms-field wpforms-field-name\" data-field-id=\"1\"><fieldset><legend class=\"wpforms-field-label wpforms-label-hide\" aria-hidden=\"false\">Nombre y apellidos <span class=\"wpforms-required-label\" aria-hidden=\"true\">*<\/span><\/legend><div class=\"wpforms-field-row wpforms-field-large\"><div class=\"wpforms-field-row-block wpforms-first wpforms-one-half\"><input type=\"text\" id=\"wpforms-2114-field_1\" class=\"wpforms-field-name-first wpforms-field-required\" name=\"wpforms[fields][1][first]\" placeholder=\"Nombre\" aria-errormessage=\"wpforms-2114-field_1-error\" required><label for=\"wpforms-2114-field_1\" class=\"wpforms-field-sublabel after wpforms-sublabel-hide\">Nombre<\/label><\/div><div class=\"wpforms-field-row-block wpforms-one-half\"><input type=\"text\" id=\"wpforms-2114-field_1-last\" class=\"wpforms-field-name-last wpforms-field-required\" name=\"wpforms[fields][1][last]\" placeholder=\"Apellidos\" aria-errormessage=\"wpforms-2114-field_1-last-error\" required><label for=\"wpforms-2114-field_1-last\" class=\"wpforms-field-sublabel after wpforms-sublabel-hide\">Apellidos<\/label><\/div><\/div><\/fieldset><\/div><div id=\"wpforms-2114-field_8-container\" class=\"wpforms-field wpforms-field-number\" data-field-id=\"8\"><label class=\"wpforms-field-label wpforms-label-hide\" for=\"wpforms-2114-field_8\" aria-hidden=\"false\">Tel\u00e9fono <span class=\"wpforms-required-label\" aria-hidden=\"true\">*<\/span><\/label><input type=\"number\" id=\"wpforms-2114-field_8\" class=\"wpforms-field-large wpforms-field-required\" name=\"wpforms[fields][8]\" placeholder=\"Tel\u00e9fono\" step=\"any\" aria-errormessage=\"wpforms-2114-field_8-error\" required><\/div><div id=\"wpforms-2114-field_2-container\" class=\"wpforms-field wpforms-field-email\" data-field-id=\"2\"><label class=\"wpforms-field-label wpforms-label-hide\" for=\"wpforms-2114-field_2\" aria-hidden=\"false\">Email <span class=\"wpforms-required-label\" aria-hidden=\"true\">*<\/span><\/label><input type=\"email\" id=\"wpforms-2114-field_2\" class=\"wpforms-field-large wpforms-field-required\" name=\"wpforms[fields][2]\" placeholder=\"Correo electr\u00f3nico\" spellcheck=\"false\" aria-errormessage=\"wpforms-2114-field_2-error\" required><\/div><div id=\"wpforms-2114-field_13-container\" class=\"wpforms-field wpforms-field-text\" data-field-id=\"13\"><label class=\"wpforms-field-label wpforms-label-hide\" for=\"wpforms-2114-field_13\" aria-hidden=\"false\">Marca Comercial <span class=\"wpforms-required-label\" aria-hidden=\"true\">*<\/span><\/label><input type=\"text\" id=\"wpforms-2114-field_13\" class=\"wpforms-field-large wpforms-field-required\" name=\"wpforms[fields][13]\" placeholder=\"Nombre de tu marca comercial\" aria-errormessage=\"wpforms-2114-field_13-error\" required><\/div><div id=\"wpforms-2114-field_11-container\" class=\"wpforms-field wpforms-field-text\" data-field-id=\"11\"><label class=\"wpforms-field-label wpforms-label-hide\" for=\"wpforms-2114-field_11\" aria-hidden=\"false\">Direcci\u00f3n de la empresa <span class=\"wpforms-required-label\" aria-hidden=\"true\">*<\/span><\/label><input type=\"text\" id=\"wpforms-2114-field_11\" class=\"wpforms-field-large wpforms-field-required\" name=\"wpforms[fields][11]\" placeholder=\"Direcci\u00f3n de la empresa\" aria-errormessage=\"wpforms-2114-field_11-error\" required><\/div><div id=\"wpforms-2114-field_14-container\" class=\"wpforms-field wpforms-field-text\" data-field-id=\"14\"><label class=\"wpforms-field-label wpforms-label-hide\" for=\"wpforms-2114-field_14\" aria-hidden=\"false\">Ciudad <span class=\"wpforms-required-label\" aria-hidden=\"true\">*<\/span><\/label><input type=\"text\" id=\"wpforms-2114-field_14\" class=\"wpforms-field-large wpforms-field-required\" name=\"wpforms[fields][14]\" placeholder=\"Ciudad\" aria-errormessage=\"wpforms-2114-field_14-error\" required><\/div><div id=\"wpforms-2114-field_15-container\" class=\"wpforms-field wpforms-field-text\" data-field-id=\"15\"><label class=\"wpforms-field-label wpforms-label-hide\" for=\"wpforms-2114-field_15\" aria-hidden=\"false\">Provincia <span class=\"wpforms-required-label\" aria-hidden=\"true\">*<\/span><\/label><input type=\"text\" id=\"wpforms-2114-field_15\" class=\"wpforms-field-large wpforms-field-required\" name=\"wpforms[fields][15]\" placeholder=\"Provincia\" aria-errormessage=\"wpforms-2114-field_15-error\" required><\/div><div id=\"wpforms-2114-field_16-container\" class=\"wpforms-field wpforms-field-text\" data-field-id=\"16\"><label class=\"wpforms-field-label wpforms-label-hide\" for=\"wpforms-2114-field_16\" aria-hidden=\"false\">C\u00f3digo postal <span class=\"wpforms-required-label\" aria-hidden=\"true\">*<\/span><\/label><input type=\"text\" id=\"wpforms-2114-field_16\" class=\"wpforms-field-large wpforms-field-required\" name=\"wpforms[fields][16]\" placeholder=\"C\u00f3digo postal\" aria-errormessage=\"wpforms-2114-field_16-error\" required><\/div><div id=\"wpforms-2114-field_17-container\" class=\"wpforms-field wpforms-field-text\" data-field-id=\"17\"><label class=\"wpforms-field-label\" for=\"wpforms-2114-field_17\">Pa\u00eds <span class=\"wpforms-required-label\" aria-hidden=\"true\">*<\/span><\/label><input type=\"text\" id=\"wpforms-2114-field_17\" class=\"wpforms-field-large wpforms-field-required\" name=\"wpforms[fields][17]\" placeholder=\"Pa\u00eds\" aria-errormessage=\"wpforms-2114-field_17-error\" required><\/div><div id=\"wpforms-2114-field_18-container\" class=\"wpforms-field wpforms-field-text\" data-field-id=\"18\"><label class=\"wpforms-field-label wpforms-label-hide\" for=\"wpforms-2114-field_18\" aria-hidden=\"false\">Web de tu marca <span class=\"wpforms-required-label\" aria-hidden=\"true\">*<\/span><\/label><input type=\"text\" id=\"wpforms-2114-field_18\" class=\"wpforms-field-large wpforms-field-required\" name=\"wpforms[fields][18]\" placeholder=\"Web de tu marca. Ej: https:\/\/tudireccionweb.com\" aria-errormessage=\"wpforms-2114-field_18-error\" required><\/div><div id=\"wpforms-2114-field_4-container\" class=\"wpforms-field wpforms-field-checkbox\" data-field-id=\"4\"><fieldset><legend class=\"wpforms-field-label\">\u00bfQu\u00e9 es lo que busca en su empresa <span class=\"wpforms-required-label\" aria-hidden=\"true\">*<\/span><\/legend><ul id=\"wpforms-2114-field_4\" class=\"wpforms-field-required\"><li class=\"choice-1 depth-1\"><input type=\"checkbox\" id=\"wpforms-2114-field_4_1\" name=\"wpforms[fields][4][]\" value=\"Tener presencia online\" aria-errormessage=\"wpforms-2114-field_4_1-error\" required ><label class=\"wpforms-field-label-inline\" for=\"wpforms-2114-field_4_1\">Tener presencia online<\/label><\/li><li class=\"choice-2 depth-1\"><input type=\"checkbox\" id=\"wpforms-2114-field_4_2\" name=\"wpforms[fields][4][]\" value=\"Generar contenido en redes sociales\" aria-errormessage=\"wpforms-2114-field_4_2-error\" required ><label class=\"wpforms-field-label-inline\" for=\"wpforms-2114-field_4_2\">Generar contenido en redes sociales<\/label><\/li><li class=\"choice-3 depth-1\"><input type=\"checkbox\" id=\"wpforms-2114-field_4_3\" name=\"wpforms[fields][4][]\" value=\"Generar m\u00e1s ventas\" aria-errormessage=\"wpforms-2114-field_4_3-error\" required ><label class=\"wpforms-field-label-inline\" for=\"wpforms-2114-field_4_3\">Generar m\u00e1s ventas<\/label><\/li><li class=\"choice-4 depth-1\"><input type=\"checkbox\" id=\"wpforms-2114-field_4_4\" name=\"wpforms[fields][4][]\" value=\"Potenciar mi marca online\" aria-errormessage=\"wpforms-2114-field_4_4-error\" required ><label class=\"wpforms-field-label-inline\" for=\"wpforms-2114-field_4_4\">Potenciar mi marca online<\/label><\/li><li class=\"choice-5 depth-1\"><input type=\"checkbox\" id=\"wpforms-2114-field_4_5\" name=\"wpforms[fields][4][]\" value=\"Diferenciar mi marca de la competencia\" aria-errormessage=\"wpforms-2114-field_4_5-error\" required ><label class=\"wpforms-field-label-inline\" for=\"wpforms-2114-field_4_5\">Diferenciar mi marca de la competencia<\/label><\/li><li class=\"choice-12 depth-1\"><input type=\"checkbox\" id=\"wpforms-2114-field_4_12\" name=\"wpforms[fields][4][]\" value=\"Crear un embudo de ventas\" aria-errormessage=\"wpforms-2114-field_4_12-error\" required ><label class=\"wpforms-field-label-inline\" for=\"wpforms-2114-field_4_12\">Crear un embudo de ventas<\/label><\/li><li class=\"choice-11 depth-1\"><input type=\"checkbox\" id=\"wpforms-2114-field_4_11\" name=\"wpforms[fields][4][]\" value=\"Posicionar mi web en internet\" aria-errormessage=\"wpforms-2114-field_4_11-error\" required ><label class=\"wpforms-field-label-inline\" for=\"wpforms-2114-field_4_11\">Posicionar mi web en internet<\/label><\/li><li class=\"choice-10 depth-1\"><input type=\"checkbox\" id=\"wpforms-2114-field_4_10\" name=\"wpforms[fields][4][]\" value=\"Generar ventas online\" aria-errormessage=\"wpforms-2114-field_4_10-error\" required ><label class=\"wpforms-field-label-inline\" for=\"wpforms-2114-field_4_10\">Generar ventas online<\/label><\/li><li class=\"choice-9 depth-1\"><input type=\"checkbox\" id=\"wpforms-2114-field_4_9\" name=\"wpforms[fields][4][]\" value=\"Dise\u00f1os de carteleria\" aria-errormessage=\"wpforms-2114-field_4_9-error\" required ><label class=\"wpforms-field-label-inline\" for=\"wpforms-2114-field_4_9\">Dise\u00f1os de carteleria<\/label><\/li><li class=\"choice-8 depth-1\"><input type=\"checkbox\" id=\"wpforms-2114-field_4_8\" name=\"wpforms[fields][4][]\" value=\"Tener un equipo de marketing multidisciplinar\" aria-errormessage=\"wpforms-2114-field_4_8-error\" required ><label class=\"wpforms-field-label-inline\" for=\"wpforms-2114-field_4_8\">Tener un equipo de marketing multidisciplinar<\/label><\/li><li class=\"choice-7 depth-1\"><input type=\"checkbox\" id=\"wpforms-2114-field_4_7\" name=\"wpforms[fields][4][]\" value=\"Branding de marca\" aria-errormessage=\"wpforms-2114-field_4_7-error\" required ><label class=\"wpforms-field-label-inline\" for=\"wpforms-2114-field_4_7\">Branding de marca<\/label><\/li><li class=\"choice-13 depth-1\"><input type=\"checkbox\" id=\"wpforms-2114-field_4_13\" name=\"wpforms[fields][4][]\" value=\"Fotograf\u00eda y\/o v\u00eddeos profesionales\" aria-errormessage=\"wpforms-2114-field_4_13-error\" required ><label class=\"wpforms-field-label-inline\" for=\"wpforms-2114-field_4_13\">Fotograf\u00eda y\/o v\u00eddeos profesionales<\/label><\/li><li class=\"choice-14 depth-1\"><input type=\"checkbox\" id=\"wpforms-2114-field_4_14\" name=\"wpforms[fields][4][]\" value=\"Cobertura de eventos\" aria-errormessage=\"wpforms-2114-field_4_14-error\" required ><label class=\"wpforms-field-label-inline\" for=\"wpforms-2114-field_4_14\">Cobertura de eventos<\/label><\/li><li class=\"choice-15 depth-1\"><input type=\"checkbox\" id=\"wpforms-2114-field_4_15\" name=\"wpforms[fields][4][]\" value=\"Colorizaci\u00f3n de proyectos\" aria-errormessage=\"wpforms-2114-field_4_15-error\" required ><label class=\"wpforms-field-label-inline\" for=\"wpforms-2114-field_4_15\">Colorizaci\u00f3n de proyectos<\/label><\/li><li class=\"choice-16 depth-1\"><input type=\"checkbox\" id=\"wpforms-2114-field_4_16\" name=\"wpforms[fields][4][]\" value=\"Organizaci\u00f3n de eventos\" aria-errormessage=\"wpforms-2114-field_4_16-error\" required ><label class=\"wpforms-field-label-inline\" for=\"wpforms-2114-field_4_16\">Organizaci\u00f3n de eventos<\/label><\/li><li class=\"choice-6 depth-1\"><input type=\"checkbox\" id=\"wpforms-2114-field_4_6\" name=\"wpforms[fields][4][]\" value=\"Otro\" aria-errormessage=\"wpforms-2114-field_4_6-error\" required ><label class=\"wpforms-field-label-inline\" for=\"wpforms-2114-field_4_6\">Otro<\/label><\/li><\/ul><\/fieldset><\/div><div id=\"wpforms-2114-field_6-container\" class=\"wpforms-field wpforms-field-checkbox\" data-field-id=\"6\"><fieldset><legend class=\"wpforms-field-label wpforms-label-hide\" aria-hidden=\"false\"> <span class=\"wpforms-required-label\" aria-hidden=\"true\">*<\/span><\/legend><ul id=\"wpforms-2114-field_6\" class=\"wpforms-field-required\"><li class=\"choice-1 depth-1\"><input type=\"checkbox\" id=\"wpforms-2114-field_6_1\" name=\"wpforms[fields][6][]\" value=\"Doy mi consentimiento para que Bokeh Producciones almacene mi informaci\u00f3n enviada para que puedan responder a mi consulta.\" aria-errormessage=\"wpforms-2114-field_6_1-error\" required ><label class=\"wpforms-field-label-inline\" for=\"wpforms-2114-field_6_1\">Doy mi consentimiento para que Bokeh Producciones almacene mi informaci\u00f3n enviada para que puedan responder a mi consulta.<\/label><\/li><\/ul><\/fieldset><\/div><div id=\"wpforms-2114-field_7-container\" class=\"wpforms-field wpforms-field-textarea\" data-field-id=\"7\"><label class=\"wpforms-field-label\" for=\"wpforms-2114-field_7\">Otros datos de inter\u00e9s<\/label><textarea id=\"wpforms-2114-field_7\" class=\"wpforms-field-medium\" name=\"wpforms[fields][7]\" placeholder=\"Detalle todas y cada una de las necesidades de su proyecto que considere importante que nuestro equipo tenga en cuenta a la hora de valorar su proyecto.\" aria-errormessage=\"wpforms-2114-field_7-error\" ><\/textarea><\/div><\/div><!-- .wpforms-field-container --><div class=\"wpforms-submit-container\" ><input type=\"hidden\" name=\"wpforms[id]\" value=\"2114\"><input type=\"hidden\" name=\"page_title\" value=\"\"><input type=\"hidden\" name=\"page_url\" value=\"https:\/\/bokehproducciones.es\/marketing\/wp-json\/wp\/v2\/pages\/2121\"><input type=\"hidden\" name=\"url_referer\" value=\"\"><button type=\"submit\" name=\"wpforms[submit]\" id=\"wpforms-submit-2114\" class=\"wpforms-submit\" data-alt-text=\"Enviando...\" data-submit-text=\"Enviar\" aria-live=\"assertive\" value=\"wpforms-submit\">Enviar<\/button><img decoding=\"async\" src=\"https:\/\/bokehproducciones.es\/marketing\/wp-content\/plugins\/wpforms-lite\/assets\/images\/submit-spin.svg\" class=\"wpforms-submit-spinner\" style=\"display: none;\" width=\"26\" height=\"26\" alt=\"Cargando\"><\/div><\/form><\/div>  <!-- .wpforms-container -->\t\t\t\t<\/div>\n\t\t\t\t<\/div>\n\t\t\t\t<div class=\"elementor-element elementor-element-ef224ef elementor-widget elementor-widget-spacer\" data-id=\"ef224ef\" data-element_type=\"widget\" data-e-type=\"widget\" data-widget_type=\"spacer.default\">\n\t\t\t\t\t\t\t<div class=\"elementor-spacer\">\n\t\t\t<div class=\"elementor-spacer-inner\"><\/div>\n\t\t<\/div>\n\t\t\t\t\t\t<\/div>\n\t\t\t\t<\/div>\n\t\t\t\t\t<\/div>\n\t\t\t\t<\/div>\n\t\t\t\t<\/div>\n\t\t","protected":false},"excerpt":{"rendered":"<p>Potenciar mi negocio Marca la diferencia frente a tu competencia Por favor, activa JavaScript en tu navegador para completar este formulario.Por favor, activa JavaScript en tu navegador para completar este formulario. Nombre y apellidos * NombreApellidos Tel\u00e9fono *Email *Marca Comercial *Direcci\u00f3n de la empresa *Ciudad *Provincia *C\u00f3digo postal *Pa\u00eds *Web de tu marca * \u00bfQu\u00e9 [&hellip;]<\/p>\n","protected":false},"author":1,"featured_media":0,"parent":0,"menu_order":0,"comment_status":"closed","ping_status":"closed","template":"elementor_header_footer","meta":{"_eb_attr":"","footnotes":""},"class_list":["post-2121","page","type-page","status-publish","hentry"],"blocksy_meta":"","jetpack_sharing_enabled":true,"_links":{"self":[{"href":"https:\/\/bokehproducciones.es\/marketing\/wp-json\/wp\/v2\/pages\/2121","targetHints":{"allow":["GET"]}}],"collection":[{"href":"https:\/\/bokehproducciones.es\/marketing\/wp-json\/wp\/v2\/pages"}],"about":[{"href":"https:\/\/bokehproducciones.es\/marketing\/wp-json\/wp\/v2\/types\/page"}],"author":[{"embeddable":true,"href":"https:\/\/bokehproducciones.es\/marketing\/wp-json\/wp\/v2\/users\/1"}],"replies":[{"embeddable":true,"href":"https:\/\/bokehproducciones.es\/marketing\/wp-json\/wp\/v2\/comments?post=2121"}],"version-history":[{"count":22,"href":"https:\/\/bokehproducciones.es\/marketing\/wp-json\/wp\/v2\/pages\/2121\/revisions"}],"predecessor-version":[{"id":3565,"href":"https:\/\/bokehproducciones.es\/marketing\/wp-json\/wp\/v2\/pages\/2121\/revisions\/3565"}],"wp:attachment":[{"href":"https:\/\/bokehproducciones.es\/marketing\/wp-json\/wp\/v2\/media?parent=2121"}],"curies":[{"name":"wp","href":"https:\/\/api.w.org\/{rel}","templated":true}]}}