{"id":2219,"date":"2023-11-11T13:47:16","date_gmt":"2023-11-11T12:47:16","guid":{"rendered":"https:\/\/bokehproducciones.es\/marketing\/?page_id=2219"},"modified":"2024-01-05T12:45:01","modified_gmt":"2024-01-05T11:45:01","slug":"mantenimiento-web","status":"publish","type":"page","link":"https:\/\/bokehproducciones.es\/marketing\/mantenimiento-web\/","title":{"rendered":"Mantenimiento web"},"content":{"rendered":"\t\t<div data-elementor-type=\"wp-page\" data-elementor-id=\"2219\" class=\"elementor elementor-2219\">\n\t\t\t\t<div class=\"elementor-element elementor-element-7e0d240c e-flex e-con-boxed e-con e-parent\" data-id=\"7e0d240c\" data-element_type=\"container\" data-e-type=\"container\">\n\t\t\t\t\t<div class=\"e-con-inner\">\n\t\t<div class=\"elementor-element elementor-element-1dc07fba e-con-full e-flex e-con e-child\" data-id=\"1dc07fba\" data-element_type=\"container\" data-e-type=\"container\">\n\t\t\t\t<div class=\"elementor-element elementor-element-1f2a5d69 ct-advanced-heading elementor-widget elementor-widget-heading\" data-id=\"1f2a5d69\" data-element_type=\"widget\" data-e-type=\"widget\" data-widget_type=\"heading.default\">\n\t\t\t\t\t<h1 class=\"elementor-heading-title elementor-size-default\">MANTENIMIENTO WEB<\/h1>\t\t\t\t<\/div>\n\t\t\t\t<div class=\"elementor-element elementor-element-240d565f elementor-widget elementor-widget-text-editor\" data-id=\"240d565f\" data-element_type=\"widget\" data-e-type=\"widget\" data-widget_type=\"text-editor.default\">\n\t\t\t\t\t\t\t\t\t<p><span style=\"color: #888888;\"><strong>Optimiza tu negocio online<br \/><\/strong><\/span><\/p>\t\t\t\t\t\t\t\t<\/div>\n\t\t\t\t<\/div>\n\t\t\t\t\t<\/div>\n\t\t\t\t<\/div>\n\t\t<div class=\"elementor-element elementor-element-5fb5d4 e-flex e-con-boxed e-con e-parent\" data-id=\"5fb5d4\" data-element_type=\"container\" data-e-type=\"container\">\n\t\t\t\t\t<div class=\"e-con-inner\">\n\t\t\t\t<div class=\"elementor-element elementor-element-1ce6f810 elementor-widget elementor-widget-text-editor\" data-id=\"1ce6f810\" data-element_type=\"widget\" data-e-type=\"widget\" data-widget_type=\"text-editor.default\">\n\t\t\t\t\t\t\t\t\t<p>Nuestros profesionales monitorizan constantemente tu web para detener ca\u00eddas, fallos del servidor o cualquier error que pueda suceder en ella, resolviendo las incidencias ocasionadas al instante de su detecci\u00f3n.<\/p><p>As\u00ed mismo, actualizan tu web constantemente implementando mejoras en el sistema para aumentar su rendimiento.<\/p>\t\t\t\t\t\t\t\t<\/div>\n\t\t\t\t\t<\/div>\n\t\t\t\t<\/div>\n\t\t<div class=\"elementor-element elementor-element-c635436 e-flex e-con-boxed e-con e-parent\" data-id=\"c635436\" data-element_type=\"container\" data-e-type=\"container\" data-settings=\"{&quot;shape_divider_bottom&quot;:&quot;opacity-tilt&quot;}\">\n\t\t\t\t\t<div class=\"e-con-inner\">\n\t\t\t\t<div class=\"elementor-shape elementor-shape-bottom\" aria-hidden=\"true\" data-negative=\"false\">\n\t\t\t<svg xmlns=\"http:\/\/www.w3.org\/2000\/svg\" viewBox=\"0 0 2600 131.1\" preserveAspectRatio=\"none\">\n\t<path class=\"elementor-shape-fill\" d=\"M0 0L2600 0 2600 69.1 0 0z\"\/>\n\t<path class=\"elementor-shape-fill\" style=\"opacity:0.5\" d=\"M0 0L2600 0 2600 69.1 0 69.1z\"\/>\n\t<path class=\"elementor-shape-fill\" style=\"opacity:0.25\" d=\"M2600 0L0 0 0 130.1 2600 69.1z\"\/>\n<\/svg>\t\t<\/div>\n\t\t\t\t\t<\/div>\n\t\t\t\t<\/div>\n\t\t<div class=\"elementor-element elementor-element-2a627de8 e-con-full e-flex e-con e-parent\" data-id=\"2a627de8\" data-element_type=\"container\" data-e-type=\"container\" data-settings=\"{&quot;background_background&quot;:&quot;classic&quot;}\">\n\t\t\t\t<\/div>\n\t\t<div class=\"elementor-element elementor-element-6488e0c8 e-flex e-con-boxed e-con e-parent\" data-id=\"6488e0c8\" data-element_type=\"container\" data-e-type=\"container\" data-settings=\"{&quot;shape_divider_top&quot;:&quot;opacity-tilt&quot;}\">\n\t\t\t\t\t<div class=\"e-con-inner\">\n\t\t\t\t<div class=\"elementor-shape elementor-shape-top\" aria-hidden=\"true\" data-negative=\"false\">\n\t\t\t<svg xmlns=\"http:\/\/www.w3.org\/2000\/svg\" viewBox=\"0 0 2600 131.1\" preserveAspectRatio=\"none\">\n\t<path class=\"elementor-shape-fill\" d=\"M0 0L2600 0 2600 69.1 0 0z\"\/>\n\t<path class=\"elementor-shape-fill\" style=\"opacity:0.5\" d=\"M0 0L2600 0 2600 69.1 0 69.1z\"\/>\n\t<path class=\"elementor-shape-fill\" style=\"opacity:0.25\" d=\"M2600 0L0 0 0 130.1 2600 69.1z\"\/>\n<\/svg>\t\t<\/div>\n\t\t\t\t\t<\/div>\n\t\t\t\t<\/div>\n\t\t<div class=\"elementor-element elementor-element-31aa1fcc e-flex e-con-boxed e-con e-parent\" data-id=\"31aa1fcc\" data-element_type=\"container\" data-e-type=\"container\">\n\t\t\t\t\t<div class=\"e-con-inner\">\n\t\t<div class=\"elementor-element elementor-element-775235a4 e-con-full e-flex e-con e-child\" data-id=\"775235a4\" data-element_type=\"container\" data-e-type=\"container\">\n\t\t\t\t<div class=\"elementor-element elementor-element-6b66a523 ct-advanced-heading elementor-widget elementor-widget-heading\" data-id=\"6b66a523\" data-element_type=\"widget\" data-e-type=\"widget\" data-widget_type=\"heading.default\">\n\t\t\t\t\t<h2 class=\"elementor-heading-title elementor-size-default\">MANTENIMIENTO WEB PARA TU NEGOCIO<\/h2>\t\t\t\t<\/div>\n\t\t\t\t<div class=\"elementor-element elementor-element-80cb1d8 elementor-widget elementor-widget-text-editor\" data-id=\"80cb1d8\" data-element_type=\"widget\" data-e-type=\"widget\" data-widget_type=\"text-editor.default\">\n\t\t\t\t\t\t\t\t\t<p style=\"text-align: center;\"><span style=\"color: #888888;\"><strong>Nuestra agencia optimizar\u00e1 tu web constantemente para conseguir los mejores resultados posibles. Nuestro sistema de mantenimiento web es mucho m\u00e1s que un simple mantenimiento web, ya que nos involucramos con tu marca como si fuese nuestra, resolveremos todos los errores e incidencias que se produzcan en la web con la mayor rapidez posible.<br \/><\/strong><\/span><\/p>\t\t\t\t\t\t\t\t<\/div>\n\t\t\t\t<div class=\"elementor-element elementor-element-7e235ece elementor-widget elementor-widget-text-editor\" data-id=\"7e235ece\" data-element_type=\"widget\" data-e-type=\"widget\" data-widget_type=\"text-editor.default\">\n\t\t\t\t\t\t\t\t\t<p>Monitorizamos el correcto funcionamiento de tu web, as\u00ed como de sus funcionalidades.<\/p>\n<p>Monitorizamos tu web constantemente para evitar ca\u00eddas, errores,&#8230;<\/p>\n<p>Monitoreo constante de enlaces verificando que funcionan adecuadamente para no ser penalizados en Google.<\/p>\n<p>Copias de seguridad peri\u00f3dicamente para evitar p\u00e9rdidas de informaci\u00f3n, en caso de alg\u00fan ataque o error en tu web.<\/p>\n<p>Cambios de im\u00e1genes o textos para mantener la web actualizada y mantener a los buscadores contentos.<\/p>\n<p>Aumentar\u00e1s la visibilidad de tu marca, ya que Google da prioridad a las webs actualizadas.<\/p>\n<p>Mejoraremos la eficiencia y el rendimiento de tu web.<\/p>\n<p>Actualizaremos el software de tu web para que tenga un mayor rendimiento.<br><\/p>\t\t\t\t\t\t\t\t<\/div>\n\t\t<div class=\"elementor-element elementor-element-368b6388 e-con-full e-flex e-con e-child\" data-id=\"368b6388\" data-element_type=\"container\" data-e-type=\"container\">\n\t\t\t\t<div class=\"elementor-element elementor-element-8962b57 elementor-align-right elementor-mobile-align-center elementor-widget elementor-widget-button\" data-id=\"8962b57\" data-element_type=\"widget\" data-e-type=\"widget\" data-widget_type=\"button.default\">\n\t\t\t\t\t\t\t\t\t\t<a class=\"elementor-button elementor-button-link elementor-size-md\" href=\"https:\/\/bokehproducciones.es\/marketing\/contacto\/\">\n\t\t\t\t\t\t<span class=\"elementor-button-content-wrapper\">\n\t\t\t\t\t\t\t\t\t<span class=\"elementor-button-text\">\u00a1Solicita presupuesto ahora!<\/span>\n\t\t\t\t\t<\/span>\n\t\t\t\t\t<\/a>\n\t\t\t\t\t\t\t\t<\/div>\n\t\t\t\t<\/div>\n\t\t\t\t<\/div>\n\t\t\t\t\t<\/div>\n\t\t\t\t<\/div>\n\t\t<div class=\"elementor-element elementor-element-314fc8ce e-flex e-con-boxed e-con e-parent\" data-id=\"314fc8ce\" data-element_type=\"container\" data-e-type=\"container\" data-settings=\"{&quot;shape_divider_bottom&quot;:&quot;opacity-fan&quot;}\">\n\t\t\t\t\t<div class=\"e-con-inner\">\n\t\t\t\t<div class=\"elementor-shape elementor-shape-bottom\" aria-hidden=\"true\" data-negative=\"false\">\n\t\t\t<svg xmlns=\"http:\/\/www.w3.org\/2000\/svg\" viewBox=\"0 0 283.5 19.6\" preserveAspectRatio=\"none\">\n\t<path class=\"elementor-shape-fill\" style=\"opacity:0.33\" d=\"M0 0L0 18.8 141.8 4.1 283.5 18.8 283.5 0z\"\/>\n\t<path class=\"elementor-shape-fill\" style=\"opacity:0.33\" d=\"M0 0L0 12.6 141.8 4 283.5 12.6 283.5 0z\"\/>\n\t<path class=\"elementor-shape-fill\" style=\"opacity:0.33\" d=\"M0 0L0 6.4 141.8 4 283.5 6.4 283.5 0z\"\/>\n\t<path class=\"elementor-shape-fill\" d=\"M0 0L0 1.2 141.8 4 283.5 1.2 283.5 0z\"\/>\n<\/svg>\t\t<\/div>\n\t\t\t\t\t<\/div>\n\t\t\t\t<\/div>\n\t\t<div class=\"elementor-element elementor-element-70073516 e-flex e-con-boxed e-con e-parent\" data-id=\"70073516\" data-element_type=\"container\" data-e-type=\"container\" data-settings=\"{&quot;background_background&quot;:&quot;classic&quot;}\">\n\t\t\t\t\t<div class=\"e-con-inner\">\n\t\t\t\t\t<\/div>\n\t\t\t\t<\/div>\n\t\t<div class=\"elementor-element elementor-element-a322c01 e-flex e-con-boxed e-con e-parent\" data-id=\"a322c01\" data-element_type=\"container\" data-e-type=\"container\" data-settings=\"{&quot;shape_divider_top&quot;:&quot;opacity-fan&quot;}\">\n\t\t\t\t\t<div class=\"e-con-inner\">\n\t\t\t\t<div class=\"elementor-shape elementor-shape-top\" aria-hidden=\"true\" data-negative=\"false\">\n\t\t\t<svg xmlns=\"http:\/\/www.w3.org\/2000\/svg\" viewBox=\"0 0 283.5 19.6\" preserveAspectRatio=\"none\">\n\t<path class=\"elementor-shape-fill\" style=\"opacity:0.33\" d=\"M0 0L0 18.8 141.8 4.1 283.5 18.8 283.5 0z\"\/>\n\t<path class=\"elementor-shape-fill\" style=\"opacity:0.33\" d=\"M0 0L0 12.6 141.8 4 283.5 12.6 283.5 0z\"\/>\n\t<path class=\"elementor-shape-fill\" style=\"opacity:0.33\" d=\"M0 0L0 6.4 141.8 4 283.5 6.4 283.5 0z\"\/>\n\t<path class=\"elementor-shape-fill\" d=\"M0 0L0 1.2 141.8 4 283.5 1.2 283.5 0z\"\/>\n<\/svg>\t\t<\/div>\n\t\t\t\t\t<\/div>\n\t\t\t\t<\/div>\n\t\t<div class=\"elementor-element elementor-element-2b86a03b e-flex e-con-boxed e-con e-parent\" data-id=\"2b86a03b\" data-element_type=\"container\" data-e-type=\"container\">\n\t\t\t\t\t<div class=\"e-con-inner\">\n\t\t<div class=\"elementor-element elementor-element-6ad7a546 e-con-full e-flex e-con e-child\" data-id=\"6ad7a546\" data-element_type=\"container\" data-e-type=\"container\">\n\t\t\t\t<div class=\"elementor-element elementor-element-558562bb ct-advanced-heading elementor-widget elementor-widget-heading\" data-id=\"558562bb\" data-element_type=\"widget\" data-e-type=\"widget\" data-widget_type=\"heading.default\">\n\t\t\t\t\t<h2 class=\"elementor-heading-title elementor-size-default\">NUESTRAS WEBS<\/h2>\t\t\t\t<\/div>\n\t\t\t\t<\/div>\n\t\t\t\t\t<\/div>\n\t\t\t\t<\/div>\n\t\t<div class=\"elementor-element elementor-element-14cfe1dc e-flex e-con-boxed e-con e-parent\" data-id=\"14cfe1dc\" data-element_type=\"container\" data-e-type=\"container\">\n\t\t\t\t\t<div class=\"e-con-inner\">\n\t\t\t\t<div class=\"elementor-element elementor-element-9b3e28b elementor-widget elementor-widget-text-editor\" data-id=\"9b3e28b\" data-element_type=\"widget\" data-e-type=\"widget\" data-widget_type=\"text-editor.default\">\n\t\t\t\t\t\t\t\t\t<p>Todas las webs dise\u00f1adas y desarrolladas por nuestra agencia tienen mantenimiento web, esto se hace para evitar que nuestros clientes tengan problemas con su web y consigan el mayor rendimiento posible de su negocio en internet.<\/p>\n<p>Internet es un medio que cambia a una velocidad enorme, que est\u00e1 en constante actualizaci\u00f3n y en el que es necesario ir mejorando para no quedarse obsoleto. Adem\u00e1s, hay millones de negocios de diferentes sectores en donde cada uno tiene su especialidad y los usuarios eligen donde comprar y donde no, para ello tu web debe de estar siempre limpia, ordenada, sin errores y con un buen servicio al cliente.<\/p>\t\t\t\t\t\t\t\t<\/div>\n\t\t\t\t<div class=\"elementor-element elementor-element-76870d5 elementor-widget elementor-widget-text-editor\" data-id=\"76870d5\" data-element_type=\"widget\" data-e-type=\"widget\" data-widget_type=\"text-editor.default\">\n\t\t\t\t\t\t\t\t\t<p style=\"text-align: center;\"><span style=\"color: #888888;\"><strong>\u00bfVerdad?<br \/><\/strong><\/span><\/p>\t\t\t\t\t\t\t\t<\/div>\n\t\t\t\t<div class=\"elementor-element elementor-element-7058759 elementor-widget elementor-widget-text-editor\" data-id=\"7058759\" data-element_type=\"widget\" data-e-type=\"widget\" data-widget_type=\"text-editor.default\">\n\t\t\t\t\t\t\t\t\t<p>En muchas ocasiones, se abandona la web, no se actualiza, no se a\u00f1aden nuevas ofertas, ni se realizan mejoras en ella, dando la sensaci\u00f3n de abandono al usuario que la visita y ofreciendo una mala imagen de tu negocio en internet.<br><\/p>\t\t\t\t\t\t\t\t<\/div>\n\t\t\t\t<div class=\"elementor-element elementor-element-07b09a6 elementor-widget elementor-widget-text-editor\" data-id=\"07b09a6\" data-element_type=\"widget\" data-e-type=\"widget\" data-widget_type=\"text-editor.default\">\n\t\t\t\t\t\t\t\t\t<p style=\"text-align: center;\"><span style=\"color: #888888;\"><strong>\u00bfCrees que alguien comprar\u00e1 algo si esto pasa?<br \/><\/strong><\/span><\/p>\t\t\t\t\t\t\t\t<\/div>\n\t\t\t\t<div class=\"elementor-element elementor-element-fcd2aac elementor-widget elementor-widget-text-editor\" data-id=\"fcd2aac\" data-element_type=\"widget\" data-e-type=\"widget\" data-widget_type=\"text-editor.default\">\n\t\t\t\t\t\t\t\t\t<p>No obstante, esto no se acaba aqu\u00ed, los altos cargos de internet (motores de b\u00fasqueda) como Google, si los usuarios no tienen una buena experiencia al visitar tu web, te enviar\u00e1n al final de los resultados y mostrar\u00e1n tu web en donde nadie la vea.<\/p>\t\t\t\t\t\t\t\t<\/div>\n\t\t\t\t<div class=\"elementor-element elementor-element-946bb0b elementor-widget elementor-widget-text-editor\" data-id=\"946bb0b\" data-element_type=\"widget\" data-e-type=\"widget\" data-widget_type=\"text-editor.default\">\n\t\t\t\t\t\t\t\t\t<p style=\"text-align: center;\"><span style=\"color: #888888;\"><strong>\u00a1Por ello, para nosotros es un imprescindible en las webs que dise\u00f1amos!<br \/><\/strong><\/span><\/p>\t\t\t\t\t\t\t\t<\/div>\n\t\t\t\t<div class=\"elementor-element elementor-element-4c323b8 elementor-align-center elementor-mobile-align-center elementor-widget elementor-widget-button\" data-id=\"4c323b8\" data-element_type=\"widget\" data-e-type=\"widget\" data-widget_type=\"button.default\">\n\t\t\t\t\t\t\t\t\t\t<a class=\"elementor-button elementor-button-link elementor-size-md\" href=\"https:\/\/bokehproducciones.es\/marketing\/contacto\/\">\n\t\t\t\t\t\t<span class=\"elementor-button-content-wrapper\">\n\t\t\t\t\t\t\t\t\t<span class=\"elementor-button-text\">\u00a1Solicita presupuesto ahora!<\/span>\n\t\t\t\t\t<\/span>\n\t\t\t\t\t<\/a>\n\t\t\t\t\t\t\t\t<\/div>\n\t\t\t\t\t<\/div>\n\t\t\t\t<\/div>\n\t\t<div class=\"elementor-element elementor-element-74ef1950 e-flex e-con-boxed e-con e-parent\" data-id=\"74ef1950\" data-element_type=\"container\" data-e-type=\"container\">\n\t\t\t\t\t<div class=\"e-con-inner\">\n\t\t<div class=\"elementor-element elementor-element-3221377d e-flex e-con-boxed e-con e-child\" data-id=\"3221377d\" data-element_type=\"container\" data-e-type=\"container\" data-settings=\"{&quot;background_background&quot;:&quot;classic&quot;}\">\n\t\t\t\t\t<div class=\"e-con-inner\">\n\t\t<div class=\"elementor-element elementor-element-13fd8c04 e-con-full e-flex e-con e-child\" data-id=\"13fd8c04\" data-element_type=\"container\" data-e-type=\"container\">\n\t\t\t\t<div class=\"elementor-element elementor-element-44f493d1 elementor-widget elementor-widget-heading\" data-id=\"44f493d1\" data-element_type=\"widget\" data-e-type=\"widget\" data-widget_type=\"heading.default\">\n\t\t\t\t\t<h2 class=\"elementor-heading-title elementor-size-default\">\u00bfListo para impulsar su negocio?<\/h2>\t\t\t\t<\/div>\n\t\t\t\t<div class=\"elementor-element elementor-element-52d9df0a elementor-widget elementor-widget-text-editor\" data-id=\"52d9df0a\" data-element_type=\"widget\" data-e-type=\"widget\" data-widget_type=\"text-editor.default\">\n\t\t\t\t\t\t\t\t\t<p style=\"text-align: justify;\">Nuestro equipo de expertos en integraci\u00f3n digital est\u00e1 aqu\u00ed para ayudarte a alcanzar tus objetivos online.<\/p>\t\t\t\t\t\t\t\t<\/div>\n\t\t\t\t<div class=\"elementor-element elementor-element-f86b5eb elementor-align-left elementor-mobile-align-center elementor-widget elementor-widget-button\" data-id=\"f86b5eb\" data-element_type=\"widget\" data-e-type=\"widget\" data-widget_type=\"button.default\">\n\t\t\t\t\t\t\t\t\t\t<a class=\"elementor-button elementor-button-link elementor-size-md\" href=\"https:\/\/bokehproducciones.es\/marketing\/contacto\/\">\n\t\t\t\t\t\t<span class=\"elementor-button-content-wrapper\">\n\t\t\t\t\t\t\t\t\t<span class=\"elementor-button-text\">Contacto<\/span>\n\t\t\t\t\t<\/span>\n\t\t\t\t\t<\/a>\n\t\t\t\t\t\t\t\t<\/div>\n\t\t\t\t<\/div>\n\t\t\t\t<div class=\"elementor-element elementor-element-14a256e5 elementor-widget__width-initial elementor-widget elementor-widget-image\" data-id=\"14a256e5\" data-element_type=\"widget\" data-e-type=\"widget\" data-widget_type=\"image.default\">\n\t\t\t\t\t\t\t\t\t\t\t\t\t\t\t<img fetchpriority=\"high\" decoding=\"async\" width=\"525\" height=\"173\" src=\"https:\/\/bokehproducciones.es\/marketing\/wp-content\/uploads\/2023\/09\/Logo-Bokeh1-blanco.png\" class=\"attachment-large size-large wp-image-1496\" alt=\"\" srcset=\"https:\/\/bokehproducciones.es\/marketing\/wp-content\/uploads\/2023\/09\/Logo-Bokeh1-blanco.png 525w, https:\/\/bokehproducciones.es\/marketing\/wp-content\/uploads\/2023\/09\/Logo-Bokeh1-blanco-300x99.png 300w\" sizes=\"(max-width: 525px) 100vw, 525px\" \/>\t\t\t\t\t\t\t\t\t\t\t\t\t\t\t<\/div>\n\t\t\t\t\t<\/div>\n\t\t\t\t<\/div>\n\t\t\t\t\t<\/div>\n\t\t\t\t<\/div>\n\t\t\t\t<\/div>\n\t\t","protected":false},"excerpt":{"rendered":"<p>MANTENIMIENTO WEB Optimiza tu negocio online Nuestros profesionales monitorizan constantemente tu web para detener ca\u00eddas, fallos del servidor o cualquier error que pueda suceder en ella, resolviendo las incidencias ocasionadas al instante de su detecci\u00f3n. As\u00ed mismo, actualizan tu web constantemente implementando mejoras en el sistema para aumentar su rendimiento. MANTENIMIENTO WEB PARA TU NEGOCIO [&hellip;]<\/p>\n","protected":false},"author":1,"featured_media":3042,"parent":0,"menu_order":0,"comment_status":"closed","ping_status":"closed","template":"elementor_header_footer","meta":{"_eb_attr":"","footnotes":""},"class_list":["post-2219","page","type-page","status-publish","has-post-thumbnail","hentry"],"blocksy_meta":"","jetpack_sharing_enabled":true,"_links":{"self":[{"href":"https:\/\/bokehproducciones.es\/marketing\/wp-json\/wp\/v2\/pages\/2219","targetHints":{"allow":["GET"]}}],"collection":[{"href":"https:\/\/bokehproducciones.es\/marketing\/wp-json\/wp\/v2\/pages"}],"about":[{"href":"https:\/\/bokehproducciones.es\/marketing\/wp-json\/wp\/v2\/types\/page"}],"author":[{"embeddable":true,"href":"https:\/\/bokehproducciones.es\/marketing\/wp-json\/wp\/v2\/users\/1"}],"replies":[{"embeddable":true,"href":"https:\/\/bokehproducciones.es\/marketing\/wp-json\/wp\/v2\/comments?post=2219"}],"version-history":[{"count":88,"href":"https:\/\/bokehproducciones.es\/marketing\/wp-json\/wp\/v2\/pages\/2219\/revisions"}],"predecessor-version":[{"id":3882,"href":"https:\/\/bokehproducciones.es\/marketing\/wp-json\/wp\/v2\/pages\/2219\/revisions\/3882"}],"wp:featuredmedia":[{"embeddable":true,"href":"https:\/\/bokehproducciones.es\/marketing\/wp-json\/wp\/v2\/media\/3042"}],"wp:attachment":[{"href":"https:\/\/bokehproducciones.es\/marketing\/wp-json\/wp\/v2\/media?parent=2219"}],"curies":[{"name":"wp","href":"https:\/\/api.w.org\/{rel}","templated":true}]}}