{"id":2224,"date":"2023-11-11T13:47:54","date_gmt":"2023-11-11T12:47:54","guid":{"rendered":"https:\/\/bokehproducciones.es\/marketing\/?page_id=2224"},"modified":"2024-01-05T13:13:39","modified_gmt":"2024-01-05T12:13:39","slug":"seguridad-web","status":"publish","type":"page","link":"https:\/\/bokehproducciones.es\/marketing\/seguridad-web\/","title":{"rendered":"Seguridad web"},"content":{"rendered":"\t\t<div data-elementor-type=\"wp-page\" data-elementor-id=\"2224\" class=\"elementor elementor-2224\">\n\t\t\t\t<div class=\"elementor-element elementor-element-bcd4532 e-flex e-con-boxed e-con e-parent\" data-id=\"bcd4532\" data-element_type=\"container\" data-e-type=\"container\">\n\t\t\t\t\t<div class=\"e-con-inner\">\n\t\t<div class=\"elementor-element elementor-element-2d8b0112 e-con-full e-flex e-con e-child\" data-id=\"2d8b0112\" data-element_type=\"container\" data-e-type=\"container\">\n\t\t\t\t<div class=\"elementor-element elementor-element-811a0c4 ct-advanced-heading elementor-widget elementor-widget-heading\" data-id=\"811a0c4\" data-element_type=\"widget\" data-e-type=\"widget\" data-widget_type=\"heading.default\">\n\t\t\t\t\t<h1 class=\"elementor-heading-title elementor-size-default\">SEGURIDAD WEB<\/h1>\t\t\t\t<\/div>\n\t\t\t\t<div class=\"elementor-element elementor-element-3cbfc53c elementor-widget elementor-widget-text-editor\" data-id=\"3cbfc53c\" data-element_type=\"widget\" data-e-type=\"widget\" data-widget_type=\"text-editor.default\">\n\t\t\t\t\t\t\t\t\t<p><span style=\"color: #888888;\"><strong>Protege tu negocio online<br \/><\/strong><\/span><\/p>\t\t\t\t\t\t\t\t<\/div>\n\t\t\t\t<\/div>\n\t\t\t\t\t<\/div>\n\t\t\t\t<\/div>\n\t\t<div class=\"elementor-element elementor-element-6b15a25d e-flex e-con-boxed e-con e-parent\" data-id=\"6b15a25d\" data-element_type=\"container\" data-e-type=\"container\">\n\t\t\t\t\t<div class=\"e-con-inner\">\n\t\t\t\t<div class=\"elementor-element elementor-element-20124b8d elementor-widget elementor-widget-text-editor\" data-id=\"20124b8d\" data-element_type=\"widget\" data-e-type=\"widget\" data-widget_type=\"text-editor.default\">\n\t\t\t\t\t\t\t\t\t<p>Internet es el mejor lugar para exponerse a potenciales clientes, pero tambi\u00e9n es un sitio peligroso del que hay que protegerse.<\/p>\n<p>Es bien sabido que muchos sitios web dejan de funcionar debido a ataques cibern\u00e9ticos o a que se filtra informaci\u00f3n sensible exponiendo a los usuarios del sitio web a situaciones poco deseables.<\/p>\n<p>Nuestros profesionales analizar\u00e1n tu web para detectar los aspectos vulnerables del sitio y bloquear cualquier intento de ataque cibern\u00e9tico que pueda producirse.<\/p>\t\t\t\t\t\t\t\t<\/div>\n\t\t\t\t\t<\/div>\n\t\t\t\t<\/div>\n\t\t<div class=\"elementor-element elementor-element-4baf3ed3 e-flex e-con-boxed e-con e-parent\" data-id=\"4baf3ed3\" data-element_type=\"container\" data-e-type=\"container\" data-settings=\"{&quot;shape_divider_bottom&quot;:&quot;opacity-tilt&quot;}\">\n\t\t\t\t\t<div class=\"e-con-inner\">\n\t\t\t\t<div class=\"elementor-shape elementor-shape-bottom\" aria-hidden=\"true\" data-negative=\"false\">\n\t\t\t<svg xmlns=\"http:\/\/www.w3.org\/2000\/svg\" viewBox=\"0 0 2600 131.1\" preserveAspectRatio=\"none\">\n\t<path class=\"elementor-shape-fill\" d=\"M0 0L2600 0 2600 69.1 0 0z\"\/>\n\t<path class=\"elementor-shape-fill\" style=\"opacity:0.5\" d=\"M0 0L2600 0 2600 69.1 0 69.1z\"\/>\n\t<path class=\"elementor-shape-fill\" style=\"opacity:0.25\" d=\"M2600 0L0 0 0 130.1 2600 69.1z\"\/>\n<\/svg>\t\t<\/div>\n\t\t\t\t\t<\/div>\n\t\t\t\t<\/div>\n\t\t<div class=\"elementor-element elementor-element-1a5ba989 e-con-full e-flex e-con e-parent\" data-id=\"1a5ba989\" data-element_type=\"container\" data-e-type=\"container\" data-settings=\"{&quot;background_background&quot;:&quot;classic&quot;}\">\n\t\t\t\t<\/div>\n\t\t<div class=\"elementor-element elementor-element-1d77d8 e-flex e-con-boxed e-con e-parent\" data-id=\"1d77d8\" data-element_type=\"container\" data-e-type=\"container\" data-settings=\"{&quot;shape_divider_top&quot;:&quot;opacity-tilt&quot;}\">\n\t\t\t\t\t<div class=\"e-con-inner\">\n\t\t\t\t<div class=\"elementor-shape elementor-shape-top\" aria-hidden=\"true\" data-negative=\"false\">\n\t\t\t<svg xmlns=\"http:\/\/www.w3.org\/2000\/svg\" viewBox=\"0 0 2600 131.1\" preserveAspectRatio=\"none\">\n\t<path class=\"elementor-shape-fill\" d=\"M0 0L2600 0 2600 69.1 0 0z\"\/>\n\t<path class=\"elementor-shape-fill\" style=\"opacity:0.5\" d=\"M0 0L2600 0 2600 69.1 0 69.1z\"\/>\n\t<path class=\"elementor-shape-fill\" style=\"opacity:0.25\" d=\"M2600 0L0 0 0 130.1 2600 69.1z\"\/>\n<\/svg>\t\t<\/div>\n\t\t\t\t\t<\/div>\n\t\t\t\t<\/div>\n\t\t<div class=\"elementor-element elementor-element-d6b9304 e-flex e-con-boxed e-con e-parent\" data-id=\"d6b9304\" data-element_type=\"container\" data-e-type=\"container\">\n\t\t\t\t\t<div class=\"e-con-inner\">\n\t\t<div class=\"elementor-element elementor-element-6428d27 e-con-full e-flex e-con e-child\" data-id=\"6428d27\" data-element_type=\"container\" data-e-type=\"container\">\n\t\t\t\t<div class=\"elementor-element elementor-element-5e713a3 elementor-widget elementor-widget-image\" data-id=\"5e713a3\" data-element_type=\"widget\" data-e-type=\"widget\" data-widget_type=\"image.default\">\n\t\t\t\t\t\t\t\t\t\t\t\t\t\t\t<img fetchpriority=\"high\" decoding=\"async\" width=\"300\" height=\"300\" src=\"https:\/\/bokehproducciones.es\/marketing\/wp-content\/uploads\/2023\/12\/seguridad-web-300x300.png\" class=\"attachment-medium size-medium wp-image-3073\" alt=\"\" srcset=\"https:\/\/bokehproducciones.es\/marketing\/wp-content\/uploads\/2023\/12\/seguridad-web-300x300.png 300w, https:\/\/bokehproducciones.es\/marketing\/wp-content\/uploads\/2023\/12\/seguridad-web-150x150.png 150w, https:\/\/bokehproducciones.es\/marketing\/wp-content\/uploads\/2023\/12\/seguridad-web-600x600.png 600w, https:\/\/bokehproducciones.es\/marketing\/wp-content\/uploads\/2023\/12\/seguridad-web-100x100.png 100w, https:\/\/bokehproducciones.es\/marketing\/wp-content\/uploads\/2023\/12\/seguridad-web.png 634w\" sizes=\"(max-width: 300px) 100vw, 300px\" \/>\t\t\t\t\t\t\t\t\t\t\t\t\t\t\t<\/div>\n\t\t\t\t<div class=\"elementor-element elementor-element-560bdbb4 ct-advanced-heading elementor-widget elementor-widget-heading\" data-id=\"560bdbb4\" data-element_type=\"widget\" data-e-type=\"widget\" data-widget_type=\"heading.default\">\n\t\t\t\t\t<h2 class=\"elementor-heading-title elementor-size-default\">SEGURIDAD WEB PARA TU NEGOCIO<\/h2>\t\t\t\t<\/div>\n\t\t\t\t<div class=\"elementor-element elementor-element-52362ac4 elementor-widget elementor-widget-text-editor\" data-id=\"52362ac4\" data-element_type=\"widget\" data-e-type=\"widget\" data-widget_type=\"text-editor.default\">\n\t\t\t\t\t\t\t\t\t<p style=\"text-align: center;\"><span style=\"color: #888888;\"><strong>Una seguridad web eficaz requiere de innumerables esfuerzos en toda la web, pero no hay que preocuparse, ya que nuestros profesionales habilitar\u00e1n mecanismos de defensa contra la mayor\u00eda de los ataques m\u00e1s comunes que sufren los sitios webs.<br \/><\/strong><\/span><\/p>\t\t\t\t\t\t\t\t<\/div>\n\t\t<div class=\"elementor-element elementor-element-36ae2837 e-con-full e-flex e-con e-child\" data-id=\"36ae2837\" data-element_type=\"container\" data-e-type=\"container\">\n\t\t\t\t<div class=\"elementor-element elementor-element-6c683f74 elementor-align-right elementor-mobile-align-center elementor-widget elementor-widget-button\" data-id=\"6c683f74\" data-element_type=\"widget\" data-e-type=\"widget\" data-widget_type=\"button.default\">\n\t\t\t\t\t\t\t\t\t\t<a class=\"elementor-button elementor-button-link elementor-size-md\" href=\"https:\/\/bokehproducciones.es\/marketing\/contacto\/\">\n\t\t\t\t\t\t<span class=\"elementor-button-content-wrapper\">\n\t\t\t\t\t\t\t\t\t<span class=\"elementor-button-text\">\u00a1Solicita presupuesto ahora!<\/span>\n\t\t\t\t\t<\/span>\n\t\t\t\t\t<\/a>\n\t\t\t\t\t\t\t\t<\/div>\n\t\t\t\t<\/div>\n\t\t\t\t<\/div>\n\t\t\t\t\t<\/div>\n\t\t\t\t<\/div>\n\t\t<div class=\"elementor-element elementor-element-5519e7c7 e-flex e-con-boxed e-con e-parent\" data-id=\"5519e7c7\" data-element_type=\"container\" data-e-type=\"container\" data-settings=\"{&quot;shape_divider_bottom&quot;:&quot;opacity-fan&quot;}\">\n\t\t\t\t\t<div class=\"e-con-inner\">\n\t\t\t\t<div class=\"elementor-shape elementor-shape-bottom\" aria-hidden=\"true\" data-negative=\"false\">\n\t\t\t<svg xmlns=\"http:\/\/www.w3.org\/2000\/svg\" viewBox=\"0 0 283.5 19.6\" preserveAspectRatio=\"none\">\n\t<path class=\"elementor-shape-fill\" style=\"opacity:0.33\" d=\"M0 0L0 18.8 141.8 4.1 283.5 18.8 283.5 0z\"\/>\n\t<path class=\"elementor-shape-fill\" style=\"opacity:0.33\" d=\"M0 0L0 12.6 141.8 4 283.5 12.6 283.5 0z\"\/>\n\t<path class=\"elementor-shape-fill\" style=\"opacity:0.33\" d=\"M0 0L0 6.4 141.8 4 283.5 6.4 283.5 0z\"\/>\n\t<path class=\"elementor-shape-fill\" d=\"M0 0L0 1.2 141.8 4 283.5 1.2 283.5 0z\"\/>\n<\/svg>\t\t<\/div>\n\t\t\t\t\t<\/div>\n\t\t\t\t<\/div>\n\t\t<div class=\"elementor-element elementor-element-6c54e144 e-flex e-con-boxed e-con e-parent\" data-id=\"6c54e144\" data-element_type=\"container\" data-e-type=\"container\" data-settings=\"{&quot;background_background&quot;:&quot;classic&quot;}\">\n\t\t\t\t\t<div class=\"e-con-inner\">\n\t\t\t\t\t<\/div>\n\t\t\t\t<\/div>\n\t\t<div class=\"elementor-element elementor-element-58253605 e-flex e-con-boxed e-con e-parent\" data-id=\"58253605\" data-element_type=\"container\" data-e-type=\"container\" data-settings=\"{&quot;shape_divider_top&quot;:&quot;opacity-fan&quot;}\">\n\t\t\t\t\t<div class=\"e-con-inner\">\n\t\t\t\t<div class=\"elementor-shape elementor-shape-top\" aria-hidden=\"true\" data-negative=\"false\">\n\t\t\t<svg xmlns=\"http:\/\/www.w3.org\/2000\/svg\" viewBox=\"0 0 283.5 19.6\" preserveAspectRatio=\"none\">\n\t<path class=\"elementor-shape-fill\" style=\"opacity:0.33\" d=\"M0 0L0 18.8 141.8 4.1 283.5 18.8 283.5 0z\"\/>\n\t<path class=\"elementor-shape-fill\" style=\"opacity:0.33\" d=\"M0 0L0 12.6 141.8 4 283.5 12.6 283.5 0z\"\/>\n\t<path class=\"elementor-shape-fill\" style=\"opacity:0.33\" d=\"M0 0L0 6.4 141.8 4 283.5 6.4 283.5 0z\"\/>\n\t<path class=\"elementor-shape-fill\" d=\"M0 0L0 1.2 141.8 4 283.5 1.2 283.5 0z\"\/>\n<\/svg>\t\t<\/div>\n\t\t\t\t\t<\/div>\n\t\t\t\t<\/div>\n\t\t<div class=\"elementor-element elementor-element-2f86ec93 e-flex e-con-boxed e-con e-parent\" data-id=\"2f86ec93\" data-element_type=\"container\" data-e-type=\"container\">\n\t\t\t\t\t<div class=\"e-con-inner\">\n\t\t<div class=\"elementor-element elementor-element-2c4fc2f9 e-con-full e-flex e-con e-child\" data-id=\"2c4fc2f9\" data-element_type=\"container\" data-e-type=\"container\">\n\t\t\t\t<div class=\"elementor-element elementor-element-1c96a0e8 ct-advanced-heading elementor-widget elementor-widget-heading\" data-id=\"1c96a0e8\" data-element_type=\"widget\" data-e-type=\"widget\" data-widget_type=\"heading.default\">\n\t\t\t\t\t<h2 class=\"elementor-heading-title elementor-size-default\">NUESTRAS WEBS<\/h2>\t\t\t\t<\/div>\n\t\t\t\t<\/div>\n\t\t\t\t\t<\/div>\n\t\t\t\t<\/div>\n\t\t<div class=\"elementor-element elementor-element-6d705209 e-flex e-con-boxed e-con e-parent\" data-id=\"6d705209\" data-element_type=\"container\" data-e-type=\"container\">\n\t\t\t\t\t<div class=\"e-con-inner\">\n\t\t\t\t<div class=\"elementor-element elementor-element-80af18d elementor-widget elementor-widget-text-editor\" data-id=\"80af18d\" data-element_type=\"widget\" data-e-type=\"widget\" data-widget_type=\"text-editor.default\">\n\t\t\t\t\t\t\t\t\t<p>Todas las webs dise\u00f1adas y desarrolladas por nuestra agencia tienen seguridad web, esto se hace para proteger a nuestros clientes de los ataques cibern\u00e9ticos que puedan darse, consiguiendo de esta manera mantener sus negocios online a salvo.<\/p>\n<p>En un mundo digital en constante evoluci\u00f3n, la seguridad web es crucial m\u00e1s que nunca, por eso nuestro compromiso contigo y la protecci\u00f3n de tu negocio online para salvaguardar cada aspecto de tu web es innegociable.<\/p>\n<p>Nuestra protecci\u00f3n proporciona un escudo robusto contra amenazas cibern\u00e9ticas, con un firewall proactivo y detecci\u00f3n de \u00faltima generaci\u00f3n, protegiendo la integridad, confidencialidad y disponibilidad de tu informaci\u00f3n en todo momento.<\/p>\n<p>En un mundo digital en constante evoluci\u00f3n, la seguridad web se ha vuelto m\u00e1s crucial que nunca. En nuestro compromiso con la protecci\u00f3n de tu presencia en l\u00ednea, presentamos una soluci\u00f3n integral dise\u00f1ada para salvaguardar cada aspecto de tu sitio web.<\/p>\t\t\t\t\t\t\t\t<\/div>\n\t\t\t\t<div class=\"elementor-element elementor-element-108a20c2 elementor-widget elementor-widget-text-editor\" data-id=\"108a20c2\" data-element_type=\"widget\" data-e-type=\"widget\" data-widget_type=\"text-editor.default\">\n\t\t\t\t\t\t\t\t\t<p style=\"text-align: center;\"><span style=\"color: #888888;\"><strong>Tu seguridad es nuestra prioridad<br \/><\/strong><\/span><\/p>\t\t\t\t\t\t\t\t<\/div>\n\t\t\t\t<div class=\"elementor-element elementor-element-7b808592 elementor-align-center elementor-mobile-align-center elementor-widget elementor-widget-button\" data-id=\"7b808592\" data-element_type=\"widget\" data-e-type=\"widget\" data-widget_type=\"button.default\">\n\t\t\t\t\t\t\t\t\t\t<a class=\"elementor-button elementor-button-link elementor-size-md\" href=\"https:\/\/bokehproducciones.es\/marketing\/contacto\/\">\n\t\t\t\t\t\t<span class=\"elementor-button-content-wrapper\">\n\t\t\t\t\t\t\t\t\t<span class=\"elementor-button-text\">\u00a1Solicita presupuesto ahora!<\/span>\n\t\t\t\t\t<\/span>\n\t\t\t\t\t<\/a>\n\t\t\t\t\t\t\t\t<\/div>\n\t\t\t\t\t<\/div>\n\t\t\t\t<\/div>\n\t\t<div class=\"elementor-element elementor-element-72417c28 e-flex e-con-boxed e-con e-parent\" data-id=\"72417c28\" data-element_type=\"container\" data-e-type=\"container\">\n\t\t\t\t\t<div class=\"e-con-inner\">\n\t\t<div class=\"elementor-element elementor-element-1ff4d26b e-flex e-con-boxed e-con e-child\" data-id=\"1ff4d26b\" data-element_type=\"container\" data-e-type=\"container\" data-settings=\"{&quot;background_background&quot;:&quot;classic&quot;}\">\n\t\t\t\t\t<div class=\"e-con-inner\">\n\t\t<div class=\"elementor-element elementor-element-2632417b e-con-full e-flex e-con e-child\" data-id=\"2632417b\" data-element_type=\"container\" data-e-type=\"container\">\n\t\t\t\t<div class=\"elementor-element elementor-element-27ba0208 elementor-widget elementor-widget-heading\" data-id=\"27ba0208\" data-element_type=\"widget\" data-e-type=\"widget\" data-widget_type=\"heading.default\">\n\t\t\t\t\t<h2 class=\"elementor-heading-title elementor-size-default\">\u00bfListo para impulsar su negocio?<\/h2>\t\t\t\t<\/div>\n\t\t\t\t<div class=\"elementor-element elementor-element-4db009d0 elementor-widget elementor-widget-text-editor\" data-id=\"4db009d0\" data-element_type=\"widget\" data-e-type=\"widget\" data-widget_type=\"text-editor.default\">\n\t\t\t\t\t\t\t\t\t<p style=\"text-align: justify;\">Nuestro equipo de expertos en integraci\u00f3n digital est\u00e1 aqu\u00ed para ayudarte a alcanzar tus objetivos online.<\/p>\t\t\t\t\t\t\t\t<\/div>\n\t\t\t\t<div class=\"elementor-element elementor-element-1fd2419b elementor-align-left elementor-mobile-align-center elementor-widget elementor-widget-button\" data-id=\"1fd2419b\" data-element_type=\"widget\" data-e-type=\"widget\" data-widget_type=\"button.default\">\n\t\t\t\t\t\t\t\t\t\t<a class=\"elementor-button elementor-button-link elementor-size-md\" href=\"https:\/\/bokehproducciones.es\/marketing\/contacto\/\">\n\t\t\t\t\t\t<span class=\"elementor-button-content-wrapper\">\n\t\t\t\t\t\t\t\t\t<span class=\"elementor-button-text\">Contacto<\/span>\n\t\t\t\t\t<\/span>\n\t\t\t\t\t<\/a>\n\t\t\t\t\t\t\t\t<\/div>\n\t\t\t\t<\/div>\n\t\t\t\t<div class=\"elementor-element elementor-element-29d7c01f elementor-widget__width-initial elementor-widget elementor-widget-image\" data-id=\"29d7c01f\" data-element_type=\"widget\" data-e-type=\"widget\" data-widget_type=\"image.default\">\n\t\t\t\t\t\t\t\t\t\t\t\t\t\t\t<img decoding=\"async\" width=\"525\" height=\"173\" src=\"https:\/\/bokehproducciones.es\/marketing\/wp-content\/uploads\/2023\/09\/Logo-Bokeh1-blanco.png\" class=\"attachment-large size-large wp-image-1496\" alt=\"\" srcset=\"https:\/\/bokehproducciones.es\/marketing\/wp-content\/uploads\/2023\/09\/Logo-Bokeh1-blanco.png 525w, https:\/\/bokehproducciones.es\/marketing\/wp-content\/uploads\/2023\/09\/Logo-Bokeh1-blanco-300x99.png 300w\" sizes=\"(max-width: 525px) 100vw, 525px\" \/>\t\t\t\t\t\t\t\t\t\t\t\t\t\t\t<\/div>\n\t\t\t\t\t<\/div>\n\t\t\t\t<\/div>\n\t\t\t\t\t<\/div>\n\t\t\t\t<\/div>\n\t\t\t\t<\/div>\n\t\t","protected":false},"excerpt":{"rendered":"<p>SEGURIDAD WEB Protege tu negocio online Internet es el mejor lugar para exponerse a potenciales clientes, pero tambi\u00e9n es un sitio peligroso del que hay que protegerse. Es bien sabido que muchos sitios web dejan de funcionar debido a ataques cibern\u00e9ticos o a que se filtra informaci\u00f3n sensible exponiendo a los usuarios del sitio web [&hellip;]<\/p>\n","protected":false},"author":1,"featured_media":3075,"parent":0,"menu_order":0,"comment_status":"closed","ping_status":"closed","template":"elementor_header_footer","meta":{"_eb_attr":"","footnotes":""},"class_list":["post-2224","page","type-page","status-publish","has-post-thumbnail","hentry"],"blocksy_meta":"","jetpack_sharing_enabled":true,"_links":{"self":[{"href":"https:\/\/bokehproducciones.es\/marketing\/wp-json\/wp\/v2\/pages\/2224","targetHints":{"allow":["GET"]}}],"collection":[{"href":"https:\/\/bokehproducciones.es\/marketing\/wp-json\/wp\/v2\/pages"}],"about":[{"href":"https:\/\/bokehproducciones.es\/marketing\/wp-json\/wp\/v2\/types\/page"}],"author":[{"embeddable":true,"href":"https:\/\/bokehproducciones.es\/marketing\/wp-json\/wp\/v2\/users\/1"}],"replies":[{"embeddable":true,"href":"https:\/\/bokehproducciones.es\/marketing\/wp-json\/wp\/v2\/comments?post=2224"}],"version-history":[{"count":76,"href":"https:\/\/bokehproducciones.es\/marketing\/wp-json\/wp\/v2\/pages\/2224\/revisions"}],"predecessor-version":[{"id":3910,"href":"https:\/\/bokehproducciones.es\/marketing\/wp-json\/wp\/v2\/pages\/2224\/revisions\/3910"}],"wp:featuredmedia":[{"embeddable":true,"href":"https:\/\/bokehproducciones.es\/marketing\/wp-json\/wp\/v2\/media\/3075"}],"wp:attachment":[{"href":"https:\/\/bokehproducciones.es\/marketing\/wp-json\/wp\/v2\/media?parent=2224"}],"curies":[{"name":"wp","href":"https:\/\/api.w.org\/{rel}","templated":true}]}}