{"id":2234,"date":"2023-11-11T13:49:02","date_gmt":"2023-11-11T12:49:02","guid":{"rendered":"https:\/\/bokehproducciones.es\/marketing\/?page_id=2234"},"modified":"2024-01-03T15:11:55","modified_gmt":"2024-01-03T14:11:55","slug":"auditoria-web","status":"publish","type":"page","link":"https:\/\/bokehproducciones.es\/marketing\/auditoria-web\/","title":{"rendered":"Auditoria web"},"content":{"rendered":"\t\t<div data-elementor-type=\"wp-page\" data-elementor-id=\"2234\" class=\"elementor elementor-2234\">\n\t\t\t\t<div class=\"elementor-element elementor-element-62abf43f e-flex e-con-boxed e-con e-parent\" data-id=\"62abf43f\" data-element_type=\"container\" data-e-type=\"container\">\n\t\t\t\t\t<div class=\"e-con-inner\">\n\t\t<div class=\"elementor-element elementor-element-4323304b e-con-full e-flex e-con e-child\" data-id=\"4323304b\" data-element_type=\"container\" data-e-type=\"container\">\n\t\t\t\t<div class=\"elementor-element elementor-element-54cb6bac ct-advanced-heading elementor-widget elementor-widget-heading\" data-id=\"54cb6bac\" data-element_type=\"widget\" data-e-type=\"widget\" data-widget_type=\"heading.default\">\n\t\t\t\t\t<h1 class=\"elementor-heading-title elementor-size-default\">AUDITORIA WEB<\/h1>\t\t\t\t<\/div>\n\t\t\t\t<div class=\"elementor-element elementor-element-26a146f5 elementor-widget elementor-widget-text-editor\" data-id=\"26a146f5\" data-element_type=\"widget\" data-e-type=\"widget\" data-widget_type=\"text-editor.default\">\n\t\t\t\t\t\t\t\t\t<p><span style=\"color: #888888;\"><strong>Testea tu marca online<br \/><\/strong><\/span><\/p>\t\t\t\t\t\t\t\t<\/div>\n\t\t\t\t<\/div>\n\t\t\t\t\t<\/div>\n\t\t\t\t<\/div>\n\t\t<div class=\"elementor-element elementor-element-551fc79e e-flex e-con-boxed e-con e-parent\" data-id=\"551fc79e\" data-element_type=\"container\" data-e-type=\"container\">\n\t\t\t\t\t<div class=\"e-con-inner\">\n\t\t\t\t<div class=\"elementor-element elementor-element-592cb862 elementor-widget elementor-widget-text-editor\" data-id=\"592cb862\" data-element_type=\"widget\" data-e-type=\"widget\" data-widget_type=\"text-editor.default\">\n\t\t\t\t\t\t\t\t\t<p>Una auditoria web sirve para localizar y corregir los errores detectados en una web o blog, as\u00ed como para implementar las mejoras necesarias en la web con el objetivo de optimizar todos los elementos que la componen (dise\u00f1o, contenido, estructura,&#8230;).<\/p><p>Auditamos tu web con herramientas espec\u00edficas y te facilitamos un informe en el que podr\u00e1s ver detalladamente c\u00f3mo puedes mejorar la experiencia de usuario en tu web y su navegabilidad, aumentando la visibilidad de tu negocio y aumentando tus ventas.<\/p>\t\t\t\t\t\t\t\t<\/div>\n\t\t\t\t\t<\/div>\n\t\t\t\t<\/div>\n\t\t<div class=\"elementor-element elementor-element-28d81b65 e-flex e-con-boxed e-con e-parent\" data-id=\"28d81b65\" data-element_type=\"container\" data-e-type=\"container\" data-settings=\"{&quot;shape_divider_bottom&quot;:&quot;opacity-tilt&quot;}\">\n\t\t\t\t\t<div class=\"e-con-inner\">\n\t\t\t\t<div class=\"elementor-shape elementor-shape-bottom\" aria-hidden=\"true\" data-negative=\"false\">\n\t\t\t<svg xmlns=\"http:\/\/www.w3.org\/2000\/svg\" viewBox=\"0 0 2600 131.1\" preserveAspectRatio=\"none\">\n\t<path class=\"elementor-shape-fill\" d=\"M0 0L2600 0 2600 69.1 0 0z\"\/>\n\t<path class=\"elementor-shape-fill\" style=\"opacity:0.5\" d=\"M0 0L2600 0 2600 69.1 0 69.1z\"\/>\n\t<path class=\"elementor-shape-fill\" style=\"opacity:0.25\" d=\"M2600 0L0 0 0 130.1 2600 69.1z\"\/>\n<\/svg>\t\t<\/div>\n\t\t\t\t\t<\/div>\n\t\t\t\t<\/div>\n\t\t<div class=\"elementor-element elementor-element-657c3a5b e-con-full e-flex e-con e-parent\" data-id=\"657c3a5b\" data-element_type=\"container\" data-e-type=\"container\" data-settings=\"{&quot;background_background&quot;:&quot;classic&quot;}\">\n\t\t\t\t<\/div>\n\t\t<div class=\"elementor-element elementor-element-2554bb2b e-flex e-con-boxed e-con e-parent\" data-id=\"2554bb2b\" data-element_type=\"container\" data-e-type=\"container\" data-settings=\"{&quot;shape_divider_top&quot;:&quot;opacity-tilt&quot;}\">\n\t\t\t\t\t<div class=\"e-con-inner\">\n\t\t\t\t<div class=\"elementor-shape elementor-shape-top\" aria-hidden=\"true\" data-negative=\"false\">\n\t\t\t<svg xmlns=\"http:\/\/www.w3.org\/2000\/svg\" viewBox=\"0 0 2600 131.1\" preserveAspectRatio=\"none\">\n\t<path class=\"elementor-shape-fill\" d=\"M0 0L2600 0 2600 69.1 0 0z\"\/>\n\t<path class=\"elementor-shape-fill\" style=\"opacity:0.5\" d=\"M0 0L2600 0 2600 69.1 0 69.1z\"\/>\n\t<path class=\"elementor-shape-fill\" style=\"opacity:0.25\" d=\"M2600 0L0 0 0 130.1 2600 69.1z\"\/>\n<\/svg>\t\t<\/div>\n\t\t\t\t\t<\/div>\n\t\t\t\t<\/div>\n\t\t<div class=\"elementor-element elementor-element-5f2b5a07 e-flex e-con-boxed e-con e-parent\" data-id=\"5f2b5a07\" data-element_type=\"container\" data-e-type=\"container\">\n\t\t\t\t\t<div class=\"e-con-inner\">\n\t\t<div class=\"elementor-element elementor-element-32e311db e-con-full e-flex e-con e-child\" data-id=\"32e311db\" data-element_type=\"container\" data-e-type=\"container\">\n\t\t\t\t<div class=\"elementor-element elementor-element-3e06767c ct-advanced-heading elementor-widget elementor-widget-heading\" data-id=\"3e06767c\" data-element_type=\"widget\" data-e-type=\"widget\" data-widget_type=\"heading.default\">\n\t\t\t\t\t<h2 class=\"elementor-heading-title elementor-size-default\">AUDITORIA WEB INTEGRAL SEO PARA TU NEGOCIO<\/h2>\t\t\t\t<\/div>\n\t\t\t\t<div class=\"elementor-element elementor-element-28c0a00a elementor-widget elementor-widget-text-editor\" data-id=\"28c0a00a\" data-element_type=\"widget\" data-e-type=\"widget\" data-widget_type=\"text-editor.default\">\n\t\t\t\t\t\t\t\t\t<p style=\"text-align: center;\"><span style=\"color: #888888;\"><strong>Nuestros especialistas SEO analizar\u00e1n tu web y redactar\u00e1n un informe con el estado actual de tu web y las acciones necesarias que debe realizar para optimizar tu web al m\u00e1ximo posible.<\/strong><\/span><\/p>\t\t\t\t\t\t\t\t<\/div>\n\t\t<div class=\"elementor-element elementor-element-54212db1 e-con-full e-flex e-con e-child\" data-id=\"54212db1\" data-element_type=\"container\" data-e-type=\"container\">\n\t\t\t\t<div class=\"elementor-element elementor-element-5797bb91 elementor-align-right elementor-mobile-align-center elementor-widget elementor-widget-button\" data-id=\"5797bb91\" data-element_type=\"widget\" data-e-type=\"widget\" data-widget_type=\"button.default\">\n\t\t\t\t\t\t\t\t\t\t<a class=\"elementor-button elementor-button-link elementor-size-md\" href=\"https:\/\/bokehproducciones.es\/marketing\/contacto\/\">\n\t\t\t\t\t\t<span class=\"elementor-button-content-wrapper\">\n\t\t\t\t\t\t\t\t\t<span class=\"elementor-button-text\">\u00a1Solicita presupuesto ahora!<\/span>\n\t\t\t\t\t<\/span>\n\t\t\t\t\t<\/a>\n\t\t\t\t\t\t\t\t<\/div>\n\t\t\t\t<\/div>\n\t\t\t\t<\/div>\n\t\t\t\t\t<\/div>\n\t\t\t\t<\/div>\n\t\t<div class=\"elementor-element elementor-element-25f11edc e-flex e-con-boxed e-con e-parent\" data-id=\"25f11edc\" data-element_type=\"container\" data-e-type=\"container\" data-settings=\"{&quot;shape_divider_bottom&quot;:&quot;opacity-fan&quot;}\">\n\t\t\t\t\t<div class=\"e-con-inner\">\n\t\t\t\t<div class=\"elementor-shape elementor-shape-bottom\" aria-hidden=\"true\" data-negative=\"false\">\n\t\t\t<svg xmlns=\"http:\/\/www.w3.org\/2000\/svg\" viewBox=\"0 0 283.5 19.6\" preserveAspectRatio=\"none\">\n\t<path class=\"elementor-shape-fill\" style=\"opacity:0.33\" d=\"M0 0L0 18.8 141.8 4.1 283.5 18.8 283.5 0z\"\/>\n\t<path class=\"elementor-shape-fill\" style=\"opacity:0.33\" d=\"M0 0L0 12.6 141.8 4 283.5 12.6 283.5 0z\"\/>\n\t<path class=\"elementor-shape-fill\" style=\"opacity:0.33\" d=\"M0 0L0 6.4 141.8 4 283.5 6.4 283.5 0z\"\/>\n\t<path class=\"elementor-shape-fill\" d=\"M0 0L0 1.2 141.8 4 283.5 1.2 283.5 0z\"\/>\n<\/svg>\t\t<\/div>\n\t\t\t\t\t<\/div>\n\t\t\t\t<\/div>\n\t\t<div class=\"elementor-element elementor-element-38f81e5f e-flex e-con-boxed e-con e-parent\" data-id=\"38f81e5f\" data-element_type=\"container\" data-e-type=\"container\" data-settings=\"{&quot;background_background&quot;:&quot;classic&quot;}\">\n\t\t\t\t\t<div class=\"e-con-inner\">\n\t\t\t\t\t<\/div>\n\t\t\t\t<\/div>\n\t\t<div class=\"elementor-element elementor-element-486dcb3d e-flex e-con-boxed e-con e-parent\" data-id=\"486dcb3d\" data-element_type=\"container\" data-e-type=\"container\" data-settings=\"{&quot;shape_divider_top&quot;:&quot;opacity-fan&quot;}\">\n\t\t\t\t\t<div class=\"e-con-inner\">\n\t\t\t\t<div class=\"elementor-shape elementor-shape-top\" aria-hidden=\"true\" data-negative=\"false\">\n\t\t\t<svg xmlns=\"http:\/\/www.w3.org\/2000\/svg\" viewBox=\"0 0 283.5 19.6\" preserveAspectRatio=\"none\">\n\t<path class=\"elementor-shape-fill\" style=\"opacity:0.33\" d=\"M0 0L0 18.8 141.8 4.1 283.5 18.8 283.5 0z\"\/>\n\t<path class=\"elementor-shape-fill\" style=\"opacity:0.33\" d=\"M0 0L0 12.6 141.8 4 283.5 12.6 283.5 0z\"\/>\n\t<path class=\"elementor-shape-fill\" style=\"opacity:0.33\" d=\"M0 0L0 6.4 141.8 4 283.5 6.4 283.5 0z\"\/>\n\t<path class=\"elementor-shape-fill\" d=\"M0 0L0 1.2 141.8 4 283.5 1.2 283.5 0z\"\/>\n<\/svg>\t\t<\/div>\n\t\t\t\t\t<\/div>\n\t\t\t\t<\/div>\n\t\t<div class=\"elementor-element elementor-element-117f6282 e-flex e-con-boxed e-con e-parent\" data-id=\"117f6282\" data-element_type=\"container\" data-e-type=\"container\">\n\t\t\t\t\t<div class=\"e-con-inner\">\n\t\t<div class=\"elementor-element elementor-element-425711b8 e-con-full e-flex e-con e-child\" data-id=\"425711b8\" data-element_type=\"container\" data-e-type=\"container\">\n\t\t\t\t<div class=\"elementor-element elementor-element-e31ff74 ct-advanced-heading elementor-widget elementor-widget-heading\" data-id=\"e31ff74\" data-element_type=\"widget\" data-e-type=\"widget\" data-widget_type=\"heading.default\">\n\t\t\t\t\t<h2 class=\"elementor-heading-title elementor-size-default\">Potencia el rendimiento de tu web<\/h2>\t\t\t\t<\/div>\n\t\t\t\t<div class=\"elementor-element elementor-element-7772f966 elementor-widget elementor-widget-text-editor\" data-id=\"7772f966\" data-element_type=\"widget\" data-e-type=\"widget\" data-widget_type=\"text-editor.default\">\n\t\t\t\t\t\t\t\t\t<p style=\"text-align: center;\">Nuestra agencia realiza un an\u00e1lisis completo de tu web, desde la estructura hasta la velocidad de carga, evaluando la usabilidad y la experiencia del usuario. Examinamos la salud de tu estrategia de SEO, identificando oportunidades para mejorar la visibilidad de tu negocio en los motores de b\u00fasqueda, desde de palabras clave hasta la optimizaci\u00f3n de los enlaces, te proporcionamos recomendaciones claras para aumentar tu posici\u00f3n en los resultados de b\u00fasqueda.<\/p><p style=\"text-align: center;\">Analizamos la velocidad de carga, la compatibilidad m\u00f3vil y otros aspectos t\u00e9cnicos cruciales para garantizar un rendimiento \u00f3ptimo. Una web r\u00e1pida y accesible es esencial para retener a los visitantes y mejorar las conversiones.<\/p><p style=\"text-align: center;\">Verificamos la seguridad de tu web para proteger tanto a tu marca como a tus visitantes, asegur\u00e1ndonos de que tu web cumpla con las normativas y regulaciones vigentes, proporcion\u00e1ndote tranquilidad y confianza.<\/p><p style=\"text-align: center;\">No s\u00f3lo te proporcionamos datos, te ofrecemos orientaci\u00f3n experta. Nuestro equipo estar\u00e1 encantado de discutir contigo los resultados de la auditoria y ayudarte a implementar cambios positivos en tu negocio online.<\/p>\t\t\t\t\t\t\t\t<\/div>\n\t\t\t\t<\/div>\n\t\t\t\t\t<\/div>\n\t\t\t\t<\/div>\n\t\t<div class=\"elementor-element elementor-element-1d73e1a e-flex e-con-boxed e-con e-parent\" data-id=\"1d73e1a\" data-element_type=\"container\" data-e-type=\"container\">\n\t\t\t\t\t<div class=\"e-con-inner\">\n\t\t<div class=\"elementor-element elementor-element-24cb964c e-con-full e-flex e-con e-child\" data-id=\"24cb964c\" data-element_type=\"container\" data-e-type=\"container\">\n\t\t<div class=\"elementor-element elementor-element-3e3c2fed e-con-full e-flex e-con e-child\" data-id=\"3e3c2fed\" data-element_type=\"container\" data-e-type=\"container\">\n\t\t\t\t<div class=\"elementor-element elementor-element-673d88f7 elementor-align-right elementor-mobile-align-center elementor-widget elementor-widget-button\" data-id=\"673d88f7\" data-element_type=\"widget\" data-e-type=\"widget\" data-widget_type=\"button.default\">\n\t\t\t\t\t\t\t\t\t\t<a class=\"elementor-button elementor-button-link elementor-size-md\" href=\"https:\/\/bokehproducciones.es\/marketing\/contacto\/\">\n\t\t\t\t\t\t<span class=\"elementor-button-content-wrapper\">\n\t\t\t\t\t\t\t\t\t<span class=\"elementor-button-text\">\u00a1Solicita presupuesto ahora!<\/span>\n\t\t\t\t\t<\/span>\n\t\t\t\t\t<\/a>\n\t\t\t\t\t\t\t\t<\/div>\n\t\t\t\t<\/div>\n\t\t\t\t<\/div>\n\t\t\t\t\t<\/div>\n\t\t\t\t<\/div>\n\t\t<div class=\"elementor-element elementor-element-2f4b3f0e e-flex e-con-boxed e-con e-parent\" data-id=\"2f4b3f0e\" data-element_type=\"container\" data-e-type=\"container\">\n\t\t\t\t\t<div class=\"e-con-inner\">\n\t\t<div class=\"elementor-element elementor-element-239a2dbb e-flex e-con-boxed e-con e-child\" data-id=\"239a2dbb\" data-element_type=\"container\" data-e-type=\"container\" data-settings=\"{&quot;background_background&quot;:&quot;classic&quot;}\">\n\t\t\t\t\t<div class=\"e-con-inner\">\n\t\t<div class=\"elementor-element elementor-element-72a51942 e-con-full e-flex e-con e-child\" data-id=\"72a51942\" data-element_type=\"container\" data-e-type=\"container\">\n\t\t\t\t<div class=\"elementor-element elementor-element-6e57c7b9 elementor-widget elementor-widget-heading\" data-id=\"6e57c7b9\" data-element_type=\"widget\" data-e-type=\"widget\" data-widget_type=\"heading.default\">\n\t\t\t\t\t<h2 class=\"elementor-heading-title elementor-size-default\">\u00bfListo para impulsar su negocio?<\/h2>\t\t\t\t<\/div>\n\t\t\t\t<div class=\"elementor-element elementor-element-5053359f elementor-widget elementor-widget-text-editor\" data-id=\"5053359f\" data-element_type=\"widget\" data-e-type=\"widget\" data-widget_type=\"text-editor.default\">\n\t\t\t\t\t\t\t\t\t<p style=\"text-align: justify;\">Nuestro equipo de expertos en integraci\u00f3n digital est\u00e1 aqu\u00ed para ayudarte a alcanzar tus objetivos online.<\/p>\t\t\t\t\t\t\t\t<\/div>\n\t\t\t\t<div class=\"elementor-element elementor-element-3978704d elementor-align-left elementor-mobile-align-center elementor-widget elementor-widget-button\" data-id=\"3978704d\" data-element_type=\"widget\" data-e-type=\"widget\" data-widget_type=\"button.default\">\n\t\t\t\t\t\t\t\t\t\t<a class=\"elementor-button elementor-button-link elementor-size-md\" href=\"https:\/\/bokehproducciones.es\/marketing\/contacto\/\">\n\t\t\t\t\t\t<span class=\"elementor-button-content-wrapper\">\n\t\t\t\t\t\t\t\t\t<span class=\"elementor-button-text\">Contacto<\/span>\n\t\t\t\t\t<\/span>\n\t\t\t\t\t<\/a>\n\t\t\t\t\t\t\t\t<\/div>\n\t\t\t\t<\/div>\n\t\t\t\t<div class=\"elementor-element elementor-element-58fec77f elementor-widget__width-initial elementor-widget elementor-widget-image\" data-id=\"58fec77f\" data-element_type=\"widget\" data-e-type=\"widget\" data-widget_type=\"image.default\">\n\t\t\t\t\t\t\t\t\t\t\t\t\t\t\t<img fetchpriority=\"high\" decoding=\"async\" width=\"525\" height=\"173\" src=\"https:\/\/bokehproducciones.es\/marketing\/wp-content\/uploads\/2023\/09\/Logo-Bokeh1-blanco.png\" class=\"attachment-large size-large wp-image-1496\" alt=\"\" srcset=\"https:\/\/bokehproducciones.es\/marketing\/wp-content\/uploads\/2023\/09\/Logo-Bokeh1-blanco.png 525w, https:\/\/bokehproducciones.es\/marketing\/wp-content\/uploads\/2023\/09\/Logo-Bokeh1-blanco-300x99.png 300w\" sizes=\"(max-width: 525px) 100vw, 525px\" \/>\t\t\t\t\t\t\t\t\t\t\t\t\t\t\t<\/div>\n\t\t\t\t\t<\/div>\n\t\t\t\t<\/div>\n\t\t\t\t\t<\/div>\n\t\t\t\t<\/div>\n\t\t\t\t<\/div>\n\t\t","protected":false},"excerpt":{"rendered":"<p>AUDITORIA WEB Testea tu marca online Una auditoria web sirve para localizar y corregir los errores detectados en una web o blog, as\u00ed como para implementar las mejoras necesarias en la web con el objetivo de optimizar todos los elementos que la componen (dise\u00f1o, contenido, estructura,&#8230;). Auditamos tu web con herramientas espec\u00edficas y te facilitamos [&hellip;]<\/p>\n","protected":false},"author":1,"featured_media":3235,"parent":0,"menu_order":0,"comment_status":"closed","ping_status":"closed","template":"elementor_header_footer","meta":{"_eb_attr":"","footnotes":""},"class_list":["post-2234","page","type-page","status-publish","has-post-thumbnail","hentry"],"blocksy_meta":"","jetpack_sharing_enabled":true,"_links":{"self":[{"href":"https:\/\/bokehproducciones.es\/marketing\/wp-json\/wp\/v2\/pages\/2234","targetHints":{"allow":["GET"]}}],"collection":[{"href":"https:\/\/bokehproducciones.es\/marketing\/wp-json\/wp\/v2\/pages"}],"about":[{"href":"https:\/\/bokehproducciones.es\/marketing\/wp-json\/wp\/v2\/types\/page"}],"author":[{"embeddable":true,"href":"https:\/\/bokehproducciones.es\/marketing\/wp-json\/wp\/v2\/users\/1"}],"replies":[{"embeddable":true,"href":"https:\/\/bokehproducciones.es\/marketing\/wp-json\/wp\/v2\/comments?post=2234"}],"version-history":[{"count":40,"href":"https:\/\/bokehproducciones.es\/marketing\/wp-json\/wp\/v2\/pages\/2234\/revisions"}],"predecessor-version":[{"id":4021,"href":"https:\/\/bokehproducciones.es\/marketing\/wp-json\/wp\/v2\/pages\/2234\/revisions\/4021"}],"wp:featuredmedia":[{"embeddable":true,"href":"https:\/\/bokehproducciones.es\/marketing\/wp-json\/wp\/v2\/media\/3235"}],"wp:attachment":[{"href":"https:\/\/bokehproducciones.es\/marketing\/wp-json\/wp\/v2\/media?parent=2234"}],"curies":[{"name":"wp","href":"https:\/\/api.w.org\/{rel}","templated":true}]}}